{"id":761,"date":"2020-02-03T14:52:44","date_gmt":"2020-02-03T13:52:44","guid":{"rendered":"http:\/\/www.autoecoleclaix.fr\/web\/?page_id=761"},"modified":"2020-02-08T12:47:59","modified_gmt":"2020-02-08T11:47:59","slug":"financement","status":"publish","type":"page","link":"https:\/\/www.autoecoleclaix.fr\/web\/financement\/","title":{"rendered":"Financement"},"content":{"rendered":"<p><span style=\"font-size: 14pt;\">L&rsquo;auto-\u00e9cole de Claix vous propose diff\u00e9rents types de financement :<\/span><\/p>\n<ul>\n<li><span style=\"font-size: 14pt;\">CPF (compte personnel de formation )<\/span><\/li>\n<li><span style=\"font-size: 14pt;\">Pole Emploi : faire une demande de devis en lien avec votre conseill\u00e9<\/span><\/li>\n<li><span style=\"font-size: 14pt;\">Permis 1\u20ac<\/span><\/li>\n<li><span style=\"font-size: 14pt;\">Pass R\u00e9gion<\/span><\/li>\n<\/ul>\n<p><span style=\"font-size: 14pt;\">N\u2019h\u00e9sitez pas \u00e0 vous rapprocher du secr\u00e9tariat pour plus d&rsquo;informations !<\/span><\/p>\n<p><img loading=\"lazy\" decoding=\"async\" class=\"alignnone size-full wp-image-765\" src=\"http:\/\/www.autoecoleclaix.fr\/web\/wp-content\/uploads\/2020\/02\/CPF.jpg\" alt=\"\" width=\"271\" height=\"186\" \/> <img loading=\"lazy\" decoding=\"async\" class=\"alignnone size-medium wp-image-766\" src=\"http:\/\/www.autoecoleclaix.fr\/web\/wp-content\/uploads\/2020\/02\/PASS-REGION-300x150.jpg\" alt=\"\" width=\"300\" height=\"150\" srcset=\"https:\/\/www.autoecoleclaix.fr\/web\/wp-content\/uploads\/2020\/02\/PASS-REGION-300x150.jpg 300w, https:\/\/www.autoecoleclaix.fr\/web\/wp-content\/uploads\/2020\/02\/PASS-REGION.jpg 318w\" sizes=\"auto, (max-width: 300px) 100vw, 300px\" \/> <img loading=\"lazy\" decoding=\"async\" class=\"alignnone size-medium wp-image-767\" src=\"http:\/\/www.autoecoleclaix.fr\/web\/wp-content\/uploads\/2020\/02\/Permis_1euro-350x231@2x-300x155.jpg\" alt=\"\" width=\"300\" height=\"155\" srcset=\"https:\/\/www.autoecoleclaix.fr\/web\/wp-content\/uploads\/2020\/02\/Permis_1euro-350x231@2x-300x155.jpg 300w, https:\/\/www.autoecoleclaix.fr\/web\/wp-content\/uploads\/2020\/02\/Permis_1euro-350x231@2x.jpg 448w\" sizes=\"auto, (max-width: 300px) 100vw, 300px\" \/> <img loading=\"lazy\" decoding=\"async\" class=\"alignnone size-medium wp-image-768\" src=\"http:\/\/www.autoecoleclaix.fr\/web\/wp-content\/uploads\/2020\/02\/POLE-EMPLOI.jpg\" alt=\"\" width=\"277\" height=\"182\" \/><\/p>\n","protected":false},"excerpt":{"rendered":"<p>L&rsquo;auto-\u00e9cole de Claix vous propose diff\u00e9rents types de financement : CPF (compte personnel de formation ) Pole Emploi : faire une demande de devis en lien avec votre conseill\u00e9 Permis 1\u20ac Pass R\u00e9gion N\u2019h\u00e9sitez pas \u00e0 vous rapprocher du secr\u00e9tariat &hellip; <a class=\"kt-excerpt-readmore more-link\" href=\"https:\/\/www.autoecoleclaix.fr\/web\/financement\/\">lire plus<\/a><\/p>\n","protected":false},"author":3,"featured_media":0,"parent":0,"menu_order":0,"comment_status":"closed","ping_status":"closed","template":"","meta":{"footnotes":""},"class_list":["post-761","page","type-page","status-publish","hentry"],"_links":{"self":[{"href":"https:\/\/www.autoecoleclaix.fr\/web\/wp-json\/wp\/v2\/pages\/761","targetHints":{"allow":["GET"]}}],"collection":[{"href":"https:\/\/www.autoecoleclaix.fr\/web\/wp-json\/wp\/v2\/pages"}],"about":[{"href":"https:\/\/www.autoecoleclaix.fr\/web\/wp-json\/wp\/v2\/types\/page"}],"author":[{"embeddable":true,"href":"https:\/\/www.autoecoleclaix.fr\/web\/wp-json\/wp\/v2\/users\/3"}],"replies":[{"embeddable":true,"href":"https:\/\/www.autoecoleclaix.fr\/web\/wp-json\/wp\/v2\/comments?post=761"}],"version-history":[{"count":3,"href":"https:\/\/www.autoecoleclaix.fr\/web\/wp-json\/wp\/v2\/pages\/761\/revisions"}],"predecessor-version":[{"id":769,"href":"https:\/\/www.autoecoleclaix.fr\/web\/wp-json\/wp\/v2\/pages\/761\/revisions\/769"}],"wp:attachment":[{"href":"https:\/\/www.autoecoleclaix.fr\/web\/wp-json\/wp\/v2\/media?parent=761"}],"curies":[{"name":"wp","href":"https:\/\/api.w.org\/{rel}","templated":true}]}}