{"id":458,"date":"2018-05-17T11:30:20","date_gmt":"2018-05-17T09:30:20","guid":{"rendered":"http:\/\/www.autoecoleclaix.fr\/web\/?page_id=458"},"modified":"2024-09-23T18:48:08","modified_gmt":"2024-09-23T16:48:08","slug":"contactez-nous","status":"publish","type":"page","link":"https:\/\/www.autoecoleclaix.fr\/web\/contactez-nous\/","title":{"rendered":"Informations pratiques"},"content":{"rendered":"<div class=\"row\"> <div class=\"col-md-6\">\n<h2>Nous situer<\/h2>\n<p><iframe loading=\"lazy\" style=\"border: 0;\" src=\"https:\/\/www.google.com\/maps\/embed?pb=!1m18!1m12!1m3!1d2815.3001488719333!2d5.688074515951836!3d45.120253179098455!2m3!1f0!2f0!3f0!3m2!1i1024!2i768!4f13.1!3m3!1m2!1s0x478a8c7df71e72e3%3A0x4339c5e860294534!2sAuto-%C3%89cole+de+Claix!5e0!3m2!1sfr!2sfr!4v1526549386326\" width=\"100%\" height=\"450\" frameborder=\"0\" allowfullscreen=\"allowfullscreen\"><\/iframe><\/p>\n<p><img loading=\"lazy\" decoding=\"async\" class=\"alignnone wp-image-547 size-full\" src=\"http:\/\/www.autoecoleclaix.fr\/web\/wp-content\/uploads\/2018\/08\/PLAN.png\" alt=\"\" width=\"825\" height=\"368\" srcset=\"https:\/\/www.autoecoleclaix.fr\/web\/wp-content\/uploads\/2018\/08\/PLAN.png 825w, https:\/\/www.autoecoleclaix.fr\/web\/wp-content\/uploads\/2018\/08\/PLAN-300x134.png 300w, https:\/\/www.autoecoleclaix.fr\/web\/wp-content\/uploads\/2018\/08\/PLAN-768x343.png 768w\" sizes=\"auto, (max-width: 825px) 100vw, 825px\" \/><\/p>\n<p><strong>\u00a0<img loading=\"lazy\" decoding=\"async\" class=\"alignnone wp-image-933 \" src=\"https:\/\/www.autoecoleclaix.fr\/web\/wp-content\/uploads\/2024\/09\/Capture-decran-2024-09-23-a-19.47.00.png\" alt=\"\" width=\"178\" height=\"130\" \/> <span style=\"font-size: 18pt; color: #00ccff;\">&#8230; puis 5 min de marche<\/span><\/strong><img loading=\"lazy\" decoding=\"async\" class=\"size-medium wp-image-911 alignleft\" src=\"https:\/\/www.autoecoleclaix.fr\/web\/wp-content\/uploads\/2024\/09\/mvelo-300x200.jpg\" alt=\"\" width=\"300\" height=\"200\" srcset=\"https:\/\/www.autoecoleclaix.fr\/web\/wp-content\/uploads\/2024\/09\/mvelo-300x200.jpg 300w, https:\/\/www.autoecoleclaix.fr\/web\/wp-content\/uploads\/2024\/09\/mvelo-768x512.jpg 768w, https:\/\/www.autoecoleclaix.fr\/web\/wp-content\/uploads\/2024\/09\/mvelo-720x480.jpg 720w, https:\/\/www.autoecoleclaix.fr\/web\/wp-content\/uploads\/2024\/09\/mvelo.jpg 960w\" sizes=\"auto, (max-width: 300px) 100vw, 300px\" \/><\/p>\n<p style=\"text-align: left;\">\u00a0<strong><span style=\"font-size: 18pt; color: #00ccff;\">Et si v<\/span><\/strong><strong><span style=\"font-size: 18pt; color: #00ccff;\">ous venez \u00e0 v\u00e9lo, <\/span><\/strong><strong><span style=\"font-size: 18pt; color: #00ccff;\">un emplacement est pr\u00e9vu devant notre b\u00e2timent.<\/span><\/strong><\/p>\n<\/div><div class=\"col-md-6\">\n<h2>Coordonn\u00e9es<\/h2>\n<p>12 all\u00e9e de l&rsquo;Atrium<br \/>\n38640 Claix<\/p>\n<p>T\u00e9l. : <strong>04 76 99 91 47<\/strong><br \/>\nMail : <a href=\"mailto:contact@autoecoleclaix.fr\">contact@autoecoleclaix.fr<\/a><\/p>\n<h2>Horaires d&rsquo;ouverture bureau<\/h2>\n<table>\n<tbody>\n<tr>\n<td>Lundi<\/td>\n<td>\u00a0 14h00 &#8211; 18h00<\/td>\n<\/tr>\n<tr>\n<td>Mardi<\/td>\n<td>\u00a0 14h00 &#8211; 16h00<\/td>\n<\/tr>\n<tr>\n<td>Mercredi<\/td>\n<td>\u00a0 14h00 &#8211; 17h30<\/td>\n<\/tr>\n<tr>\n<td>Jeudi<\/td>\n<td>\u00a0 14h00 &#8211; 16h00<\/td>\n<\/tr>\n<tr>\n<td>Vendredi<\/td>\n<td>\u00a0 14h00 &#8211; 17h30<\/td>\n<\/tr>\n<tr>\n<td>Samedi<\/td>\n<td>\u00a0 09h30 &#8211; 13h00<\/td>\n<\/tr>\n<\/tbody>\n<\/table>\n<p>LE\u00c7ONS DE CONDUITES DU LUNDI AU VENDREDI DE 8H \u00c0 19H ET LE SAMEDI DE 8H \u00c0 13H<\/p>\n<h2>R\u00e8glement<\/h2>\n<ul>\n<li>En esp\u00e8ces<\/li>\n<li>Par ch\u00e8ques (possibilit\u00e9 de r\u00e9gler en plusieurs fois, toujours avant consommation des prestations)<\/li>\n<li>Par carte bancaire (possibilit\u00e9 de paiement diff\u00e9r\u00e9 avec frais)<\/li>\n<\/ul>\n<p>Attention toute le\u00e7on de conduite non d\u00e9command\u00e9e 48h \u00e0 l&rsquo;avance sera due<\/p>\n<p><em><strong>&#8211;&gt; Peut-\u00eatre pouvez-vous b\u00e9n\u00e9ficier d&rsquo;aides financi\u00e8res :<\/strong><\/em><\/p>\n<ul>\n<li>PERMIS A 1\u20ac PAR JOUR : http:\/\/www.securite-routiere.gouv.fr\/permis-de-conduire\/passer-son-permis\/le-permis-a-1-euro-par-jour\/informations<\/li>\n<li>PASS&rsquo; REGION :\u00a0https:\/\/jeunes.auvergnerhonealpes.fr\/223-permis-de-conduire-et-bafa.htm<\/li>\n<li>POLE EMPLOI<\/li>\n<li>REGION \/ COMMUNE (CCAS)<\/li>\n<li>CPF (Compte Personnel de Formation) \/\u00a0OPCA (Organisme Paritaire Collecteur Agr\u00e9\u00e9)<\/li>\n<\/ul>\n<\/div><\/div>\n<div class=\"hrule clearfix\"><\/div>\n<h2>R\u00e9clamation<\/h2>\n<p><img loading=\"lazy\" decoding=\"async\" class=\"alignnone wp-image-900 size-medium\" src=\"https:\/\/www.autoecoleclaix.fr\/web\/wp-content\/uploads\/2024\/09\/Capture-d\u2019e\u0301cran-2024-09-16-a\u0300-20.52.11-300x78.png\" alt=\"\" width=\"300\" height=\"78\" srcset=\"https:\/\/www.autoecoleclaix.fr\/web\/wp-content\/uploads\/2024\/09\/Capture-d\u2019e\u0301cran-2024-09-16-a\u0300-20.52.11-300x78.png 300w, https:\/\/www.autoecoleclaix.fr\/web\/wp-content\/uploads\/2024\/09\/Capture-d\u2019e\u0301cran-2024-09-16-a\u0300-20.52.11-768x199.png 768w, https:\/\/www.autoecoleclaix.fr\/web\/wp-content\/uploads\/2024\/09\/Capture-d\u2019e\u0301cran-2024-09-16-a\u0300-20.52.11.png 872w\" sizes=\"auto, (max-width: 300px) 100vw, 300px\" \/><\/p>\n<p><em><strong>&#8211;&gt;\u00a0Vous avez une r\u00e9clamation\u00a0?<\/strong><\/em><\/p>\n<p>Envoyez-nous un courriel \u00e0 <a href=\"mailto:contact@autoecoleclaix.fr\"><span class=\"docx_lienhypertexte\">contact@autoecoleclaix.fr<\/span><\/a><\/p>\n<p>La direction vous r\u00e9pondra dans un d\u00e9lai de 10 jours. Et si cela est n\u00e9cessaire nous conviendrons d\u2019un rendez-vous.<\/p>\n<div class=\"hrule clearfix\"><\/div>\n<h2>Contactez nous<\/h2>\n\n<div class=\"wpcf7 no-js\" id=\"wpcf7-f555-o1\" lang=\"fr-FR\" dir=\"ltr\" data-wpcf7-id=\"555\">\n<div class=\"screen-reader-response\"><p role=\"status\" aria-live=\"polite\" aria-atomic=\"true\"><\/p> <ul><\/ul><\/div>\n<form action=\"\/web\/wp-json\/wp\/v2\/pages\/458#wpcf7-f555-o1\" method=\"post\" class=\"wpcf7-form init\" aria-label=\"Formulaire de contact\" novalidate=\"novalidate\" data-status=\"init\">\n<fieldset class=\"hidden-fields-container\"><input type=\"hidden\" name=\"_wpcf7\" value=\"555\" \/><input type=\"hidden\" name=\"_wpcf7_version\" value=\"6.1.4\" \/><input type=\"hidden\" name=\"_wpcf7_locale\" value=\"fr_FR\" \/><input type=\"hidden\" name=\"_wpcf7_unit_tag\" value=\"wpcf7-f555-o1\" \/><input type=\"hidden\" name=\"_wpcf7_container_post\" value=\"0\" \/><input type=\"hidden\" name=\"_wpcf7_posted_data_hash\" value=\"\" \/><input type=\"hidden\" name=\"_wpcf7_recaptcha_response\" value=\"\" \/>\n<\/fieldset>\n<div class=\"row\">\n\t<div class=\"col-md-6\">\n\t\t<p><label> Votre nom *<br \/>\n<span class=\"wpcf7-form-control-wrap\" data-name=\"your-name\"><input size=\"40\" maxlength=\"400\" class=\"wpcf7-form-control wpcf7-text wpcf7-validates-as-required\" aria-required=\"true\" aria-invalid=\"false\" value=\"\" type=\"text\" name=\"your-name\" \/><\/span> <\/label>\n\t\t<\/p>\n\t\t<p><label> Votre adresse de messagerie *<br \/>\n<span class=\"wpcf7-form-control-wrap\" data-name=\"your-email\"><input size=\"40\" maxlength=\"400\" class=\"wpcf7-form-control wpcf7-email wpcf7-validates-as-required wpcf7-text wpcf7-validates-as-email\" aria-required=\"true\" aria-invalid=\"false\" value=\"\" type=\"email\" name=\"your-email\" \/><\/span> <\/label>\n\t\t<\/p>\n\t\t<p><label>Demande *<br \/>\n<span class=\"wpcf7-form-control-wrap\" data-name=\"menu-970\"><select class=\"wpcf7-form-control wpcf7-select wpcf7-validates-as-required\" aria-required=\"true\" aria-invalid=\"false\" name=\"menu-970\"><option value=\"Cr\u00e9er \/ Costituire\">Cr\u00e9er \/ Costituire<\/option><option value=\"supprimer \/ Cancellare\">supprimer \/ Cancellare<\/option><option value=\"Modifier \/ Modificare\">Modifier \/ Modificare<\/option><option value=\"T\">T<\/option><option value=\"autre sujet\">autre sujet<\/option><\/select><\/span> <\/label>\n\t\t<\/p>\n\t<\/div>\n\t<div class=\"col-md-6\">\n\t\t<p><label> Votre message *<br \/>\n<span class=\"wpcf7-form-control-wrap\" data-name=\"your-message\"><textarea cols=\"40\" rows=\"10\" maxlength=\"2000\" class=\"wpcf7-form-control wpcf7-textarea\" aria-invalid=\"false\" name=\"your-message\"><\/textarea><\/span> <\/label>\n\t\t<\/p>\n\t\t<p><input class=\"wpcf7-form-control wpcf7-submit has-spinner\" type=\"submit\" value=\"Envoyer\" \/>\n\t\t<\/p>\n\t<\/div>\n<\/div><div class=\"wpcf7-response-output\" aria-hidden=\"true\"><\/div>\n<\/form>\n<\/div>\n\n","protected":false},"excerpt":{"rendered":"<p>R\u00e9clamation &#8211;&gt;\u00a0Vous avez une r\u00e9clamation\u00a0? Envoyez-nous un courriel \u00e0 contact@autoecoleclaix.fr La direction vous r\u00e9pondra dans un d\u00e9lai de 10 jours. Et si cela est n\u00e9cessaire nous conviendrons d\u2019un rendez-vous. Contactez nous<\/p>\n","protected":false},"author":3,"featured_media":0,"parent":0,"menu_order":0,"comment_status":"closed","ping_status":"closed","template":"","meta":{"footnotes":""},"class_list":["post-458","page","type-page","status-publish","hentry"],"_links":{"self":[{"href":"https:\/\/www.autoecoleclaix.fr\/web\/wp-json\/wp\/v2\/pages\/458","targetHints":{"allow":["GET"]}}],"collection":[{"href":"https:\/\/www.autoecoleclaix.fr\/web\/wp-json\/wp\/v2\/pages"}],"about":[{"href":"https:\/\/www.autoecoleclaix.fr\/web\/wp-json\/wp\/v2\/types\/page"}],"author":[{"embeddable":true,"href":"https:\/\/www.autoecoleclaix.fr\/web\/wp-json\/wp\/v2\/users\/3"}],"replies":[{"embeddable":true,"href":"https:\/\/www.autoecoleclaix.fr\/web\/wp-json\/wp\/v2\/comments?post=458"}],"version-history":[{"count":26,"href":"https:\/\/www.autoecoleclaix.fr\/web\/wp-json\/wp\/v2\/pages\/458\/revisions"}],"predecessor-version":[{"id":935,"href":"https:\/\/www.autoecoleclaix.fr\/web\/wp-json\/wp\/v2\/pages\/458\/revisions\/935"}],"wp:attachment":[{"href":"https:\/\/www.autoecoleclaix.fr\/web\/wp-json\/wp\/v2\/media?parent=458"}],"curies":[{"name":"wp","href":"https:\/\/api.w.org\/{rel}","templated":true}]}}